{"id":4003,"date":"2021-11-20T10:09:06","date_gmt":"2021-11-20T08:09:06","guid":{"rendered":"http:\/\/31.217.192.143\/~enontek1\/?page_id=4003"},"modified":"2022-04-08T09:54:19","modified_gmt":"2022-04-08T06:54:19","slug":"horseback-experiences","status":"publish","type":"page","link":"https:\/\/enontekiolapland.com\/en\/horseback-experiences\/","title":{"rendered":"Horse Experiences"},"content":{"rendered":"<div data-elementor-type=\"wp-page\" data-elementor-id=\"4003\" class=\"elementor elementor-4003\" data-elementor-post-type=\"page\">\n\t\t\t\t\t\t<section data-particle_enable=\"false\" data-particle-mobile-disabled=\"false\" class=\"elementor-section elementor-top-section elementor-element elementor-element-82e4bf6 elementor-section-boxed elementor-section-height-default elementor-section-height-default elementor-invisible\" data-id=\"82e4bf6\" data-element_type=\"section\" data-settings=\"{&quot;background_background&quot;:&quot;classic&quot;,&quot;animation&quot;:&quot;fadeInUp&quot;}\">\n\t\t\t\t\t\t<div class=\"elementor-container elementor-column-gap-default\">\n\t\t\t\t\t<div class=\"elementor-column elementor-col-100 elementor-top-column elementor-element elementor-element-4f97e48\" data-id=\"4f97e48\" data-element_type=\"column\">\n\t\t\t<div class=\"elementor-widget-wrap elementor-element-populated\">\n\t\t\t\t\t\t<div class=\"elementor-element elementor-element-28b7819 elementor-widget elementor-widget-heading\" data-id=\"28b7819\" data-element_type=\"widget\" data-widget_type=\"heading.default\">\n\t\t\t\t<div class=\"elementor-widget-container\">\n\t\t\t\t\t<h2 class=\"elementor-heading-title elementor-size-default\">Horse Experiences<\/h2>\t\t\t\t<\/div>\n\t\t\t\t<\/div>\n\t\t\t\t<div class=\"elementor-element elementor-element-9988e8d elementor-widget elementor-widget-text-editor\" data-id=\"9988e8d\" data-element_type=\"widget\" data-widget_type=\"text-editor.default\">\n\t\t\t\t<div class=\"elementor-widget-container\">\n\t\t\t\t\t\t\t\t\t<p>Animals have a calming effect. When you add nature to the mix, it gets even better. In the winter, you can take a sleigh ride and listen to the snow squeaking underneath. In the summer, a Finnish horse makes for great company in the fells.<\/p>\t\t\t\t\t\t\t\t<\/div>\n\t\t\t\t<\/div>\n\t\t\t\t<section data-particle_enable=\"false\" data-particle-mobile-disabled=\"false\" class=\"elementor-section elementor-inner-section elementor-element elementor-element-7d86394 elementor-section-full_width elementor-section-height-min-height elementor-section-height-default elementor-invisible\" data-id=\"7d86394\" data-element_type=\"section\" data-settings=\"{&quot;background_background&quot;:&quot;classic&quot;,&quot;background_motion_fx_motion_fx_scrolling&quot;:&quot;yes&quot;,&quot;background_motion_fx_translateY_effect&quot;:&quot;yes&quot;,&quot;animation&quot;:&quot;fadeInUp&quot;,&quot;background_motion_fx_translateY_speed&quot;:{&quot;unit&quot;:&quot;px&quot;,&quot;size&quot;:4,&quot;sizes&quot;:[]},&quot;background_motion_fx_translateY_affectedRange&quot;:{&quot;unit&quot;:&quot;%&quot;,&quot;size&quot;:&quot;&quot;,&quot;sizes&quot;:{&quot;start&quot;:0,&quot;end&quot;:100}},&quot;background_motion_fx_devices&quot;:[&quot;desktop&quot;,&quot;tablet&quot;,&quot;mobile&quot;]}\">\n\t\t\t\t\t\t<div class=\"elementor-container elementor-column-gap-default\">\n\t\t\t\t\t<div class=\"elementor-column elementor-col-100 elementor-inner-column elementor-element elementor-element-967f656\" data-id=\"967f656\" data-element_type=\"column\">\n\t\t\t<div class=\"elementor-widget-wrap\">\n\t\t\t\t\t\t\t<\/div>\n\t\t<\/div>\n\t\t\t\t\t<\/div>\n\t\t<\/section>\n\t\t\t\t\t<\/div>\n\t\t<\/div>\n\t\t\t\t\t<\/div>\n\t\t<\/section>\n\t\t\t\t<section data-particle_enable=\"false\" data-particle-mobile-disabled=\"false\" class=\"elementor-section elementor-top-section elementor-element elementor-element-d93c1e3 elementor-section-boxed elementor-section-height-default elementor-section-height-default elementor-invisible\" data-id=\"d93c1e3\" data-element_type=\"section\" data-settings=\"{&quot;animation&quot;:&quot;fadeInUp&quot;}\">\n\t\t\t\t\t\t<div class=\"elementor-container elementor-column-gap-default\">\n\t\t\t\t\t<div class=\"elementor-column elementor-col-100 elementor-top-column elementor-element elementor-element-961d9ce\" data-id=\"961d9ce\" data-element_type=\"column\">\n\t\t\t<div class=\"elementor-widget-wrap elementor-element-populated\">\n\t\t\t\t\t\t<div class=\"elementor-element elementor-element-9b41e0c elementor-widget elementor-widget-heading\" data-id=\"9b41e0c\" data-element_type=\"widget\" data-widget_type=\"heading.default\">\n\t\t\t\t<div class=\"elementor-widget-container\">\n\t\t\t\t\t<h2 class=\"elementor-heading-title elementor-size-default\">Companies organising horse experiences<\/h2>\t\t\t\t<\/div>\n\t\t\t\t<\/div>\n\t\t\t\t<div class=\"elementor-element elementor-element-9a156db elementor-widget elementor-widget-lourupostlistelementor_post_list\" data-id=\"9a156db\" data-element_type=\"widget\" data-widget_type=\"lourupostlistelementor_post_list.default\">\n\t\t\t\t<div class=\"elementor-widget-container\">\n\t\t\t\t\t<div class=\"lple-container\" style=\"display: grid; justify-content: center;\"><div class=\"lple-post-list-column\" style=\"justify-content: flex-start; text-align: center; display: flex; flex-direction: column; flex-wrap: nowrap;\"><div class=\"lple-post-list-column-image\" style=\"width: 100%;\"><img fetchpriority=\"high\" decoding=\"async\" width=\"730\" height=\"480\" src=\"https:\/\/enontekiolapland.com\/wp-content\/uploads\/2021\/11\/Vilu-Arctic-Experience.png\" class=\"attachment-large size-large wp-post-image\" alt=\"\" style=\"width: 100%; height: 100%; object-fit: contain;\" srcset=\"https:\/\/enontekiolapland.com\/wp-content\/uploads\/2021\/11\/Vilu-Arctic-Experience.png 730w, https:\/\/enontekiolapland.com\/wp-content\/uploads\/2021\/11\/Vilu-Arctic-Experience-300x197.png 300w, https:\/\/enontekiolapland.com\/wp-content\/uploads\/2021\/11\/Vilu-Arctic-Experience-18x12.png 18w\" sizes=\"(max-width: 730px) 100vw, 730px\" \/><\/div><div class=\"lple-post-list-column-title\"><h2>Vilu Arctic Experience<\/h2><\/div><div class=\"lple-post-list-column-details\"><p>Activities &amp; Glamping | Hetta<\/p><\/div><div style=\"flex-grow: 1;\" class=\"lple-post-list-column-description\"><p>We organize various activities in the arctic wilderness all year round. All our tours start from Hetta. Our secret hideaway Arctic Nature Glamping is unique accommodation for experience seekers.<\/p><\/div><div class=\"lple-post-list-column-details-under-desc\"><p>Tuolpaj\u00e4rventie 10, Vuontisj\u00e4rvi <\/p><\/div><div class=\"lple-post-list-column-button\"><a style=\"\" href=\"https:\/\/viluarcticexperience.com\/\" target=\"_blank\" rel=\"noopener\">Website<\/a><\/div><div class=\"lple-post-list-column-button\"><a style=\"\" href=\"https:\/\/viluarcticexperience.com\/\" target=\"_blank\" rel=\"noopener\">Online booking<\/a><\/div><div style=\"display: flex; justify-content: center;\" class=\"lple-post-list-column-additional-icons\"><a href=\"https:\/\/www.facebook.com\/ViluArcticExperience\" target=\"_blank\" rel=\"noopener\"><i aria-hidden=\"true\" class=\"fab fa-facebook-square\"><\/i><\/a><a href=\"https:\/\/www.instagram.com\/viluarcticexperience\/\" target=\"_blank\" rel=\"noopener\"><i aria-hidden=\"true\" class=\"fab fa-instagram\"><\/i><\/a><\/div><\/div><\/div>\t\t\t\t<\/div>\n\t\t\t\t<\/div>\n\t\t\t\t\t<\/div>\n\t\t<\/div>\n\t\t\t\t\t<\/div>\n\t\t<\/section>\n\t\t\t\t<section data-particle_enable=\"false\" data-particle-mobile-disabled=\"false\" class=\"elementor-section elementor-top-section elementor-element elementor-element-6de18dc elementor-section-boxed elementor-section-height-default elementor-section-height-default\" data-id=\"6de18dc\" data-element_type=\"section\" data-settings=\"{&quot;background_background&quot;:&quot;classic&quot;}\">\n\t\t\t\t\t\t<div class=\"elementor-container elementor-column-gap-default\">\n\t\t\t\t\t<div class=\"elementor-column elementor-col-100 elementor-top-column elementor-element elementor-element-3756704\" data-id=\"3756704\" data-element_type=\"column\" data-settings=\"{&quot;background_background&quot;:&quot;classic&quot;}\">\n\t\t\t<div class=\"elementor-widget-wrap elementor-element-populated\">\n\t\t\t\t\t\t<div class=\"elementor-element elementor-element-afafc9b elementor-widget elementor-widget-heading\" data-id=\"afafc9b\" data-element_type=\"widget\" data-widget_type=\"heading.default\">\n\t\t\t\t<div class=\"elementor-widget-container\">\n\t\t\t\t\t<h3 class=\"elementor-heading-title elementor-size-default\">Resources for planning your trip<\/h3>\t\t\t\t<\/div>\n\t\t\t\t<\/div>\n\t\t\t\t<div class=\"elementor-element elementor-element-4f2b540 elementor-widget elementor-widget-global elementor-global-5425 elementor-widget-template\" data-id=\"4f2b540\" data-element_type=\"widget\" data-widget_type=\"template.default\">\n\t\t\t\t<div class=\"elementor-widget-container\">\n\t\t\t\t\t\t\t<div class=\"elementor-template\">\n\t\t\t\t\t<div data-elementor-type=\"section\" data-elementor-id=\"5422\" class=\"elementor elementor-5422\" data-elementor-post-type=\"elementor_library\">\n\t\t\t\t\t<section data-particle_enable=\"false\" data-particle-mobile-disabled=\"false\" class=\"elementor-section elementor-inner-section elementor-element elementor-element-75b3ae3f elementor-section-full_width elementor-section-height-default elementor-section-height-default elementor-invisible\" data-id=\"75b3ae3f\" data-element_type=\"section\" data-settings=\"{&quot;animation&quot;:&quot;fadeInUp&quot;}\">\n\t\t\t\t\t\t<div class=\"elementor-container elementor-column-gap-default\">\n\t\t\t\t\t<div class=\"elementor-column elementor-col-50 elementor-inner-column elementor-element elementor-element-41ce37fc\" data-id=\"41ce37fc\" data-element_type=\"column\" data-settings=\"{&quot;background_background&quot;:&quot;classic&quot;}\">\n\t\t\t<div class=\"elementor-widget-wrap elementor-element-populated\">\n\t\t\t\t\t\t<div class=\"elementor-element elementor-element-6abfa557 elementor-widget elementor-widget-heading\" data-id=\"6abfa557\" data-element_type=\"widget\" data-widget_type=\"heading.default\">\n\t\t\t\t<div class=\"elementor-widget-container\">\n\t\t\t\t\t<h3 class=\"elementor-heading-title elementor-size-default\">Hiking trails<\/h3>\t\t\t\t<\/div>\n\t\t\t\t<\/div>\n\t\t\t\t\t<\/div>\n\t\t<\/div>\n\t\t\t\t<div class=\"elementor-column elementor-col-50 elementor-inner-column elementor-element elementor-element-6441c74b\" data-id=\"6441c74b\" data-element_type=\"column\" data-settings=\"{&quot;background_background&quot;:&quot;classic&quot;}\">\n\t\t\t<div class=\"elementor-widget-wrap elementor-element-populated\">\n\t\t\t\t\t\t<div class=\"elementor-element elementor-element-5096ab0a elementor-widget elementor-widget-heading\" data-id=\"5096ab0a\" data-element_type=\"widget\" data-widget_type=\"heading.default\">\n\t\t\t\t<div class=\"elementor-widget-container\">\n\t\t\t\t\t<h2 class=\"elementor-heading-title elementor-size-default\">Hiking trails<\/h2>\t\t\t\t<\/div>\n\t\t\t\t<\/div>\n\t\t\t\t<div class=\"elementor-element elementor-element-ce87771 elementor-widget elementor-widget-text-editor\" data-id=\"ce87771\" data-element_type=\"widget\" data-widget_type=\"text-editor.default\">\n\t\t\t\t<div class=\"elementor-widget-container\">\n\t\t\t\t\t\t\t\t\t<p>You\u2019re never going to run out of places to hike in Enonteki\u00f6. We have everything from kid-friendly nature paths to demanding wilderness epics.<\/p>\t\t\t\t\t\t\t\t<\/div>\n\t\t\t\t<\/div>\n\t\t\t\t<div class=\"elementor-element elementor-element-7e8649c2 elementor-widget elementor-widget-eael-creative-button\" data-id=\"7e8649c2\" data-element_type=\"widget\" data-widget_type=\"eael-creative-button.default\">\n\t\t\t\t<div class=\"elementor-widget-container\">\n\t\t\t\t\t        <div class=\"eael-creative-button-wrapper\">\n\n            <a class=\"eael-creative-button eael-creative-button--default\" href=\"https:\/\/enontekiolapland.com\/en\/?page_id=2326\" data-text=\"\">\n            \t    \n                <div class=\"creative-button-inner\">\n\n                    \n                    <span class=\"cretive-button-text\">Read more<\/span>\n\n                                    <\/div>\n\t                        <\/a>\n        <\/div>\n        \t\t\t\t<\/div>\n\t\t\t\t<\/div>\n\t\t\t\t\t<\/div>\n\t\t<\/div>\n\t\t\t\t\t<\/div>\n\t\t<\/section>\n\t\t\t\t<\/div>\n\t\t\t\t<\/div>\n\t\t\t\t\t\t<\/div>\n\t\t\t\t<\/div>\n\t\t\t\t<div class=\"elementor-element elementor-element-ab97191 elementor-widget elementor-widget-global elementor-global-4400 elementor-widget-template\" data-id=\"ab97191\" data-element_type=\"widget\" data-widget_type=\"template.default\">\n\t\t\t\t<div class=\"elementor-widget-container\">\n\t\t\t\t\t\t\t<div class=\"elementor-template\">\n\t\t\t\t\t<div data-elementor-type=\"section\" data-elementor-id=\"4397\" class=\"elementor elementor-4397\" data-elementor-post-type=\"elementor_library\">\n\t\t\t\t\t<section data-particle_enable=\"false\" data-particle-mobile-disabled=\"false\" class=\"elementor-section elementor-inner-section elementor-element elementor-element-74f52504 elementor-section-full_width elementor-section-height-default elementor-section-height-default elementor-invisible\" data-id=\"74f52504\" data-element_type=\"section\" data-settings=\"{&quot;animation&quot;:&quot;fadeInUp&quot;}\">\n\t\t\t\t\t\t<div class=\"elementor-container elementor-column-gap-default\">\n\t\t\t\t\t<div class=\"elementor-column elementor-col-50 elementor-inner-column elementor-element elementor-element-587acda5\" data-id=\"587acda5\" data-element_type=\"column\" data-settings=\"{&quot;background_background&quot;:&quot;classic&quot;}\">\n\t\t\t<div class=\"elementor-widget-wrap elementor-element-populated\">\n\t\t\t\t\t\t<div class=\"elementor-element elementor-element-f8027c6 elementor-widget elementor-widget-heading\" data-id=\"f8027c6\" data-element_type=\"widget\" data-widget_type=\"heading.default\">\n\t\t\t\t<div class=\"elementor-widget-container\">\n\t\t\t\t\t<h2 class=\"elementor-heading-title elementor-size-default\">Sustainable Travel<\/h2>\t\t\t\t<\/div>\n\t\t\t\t<\/div>\n\t\t\t\t\t<\/div>\n\t\t<\/div>\n\t\t\t\t<div class=\"elementor-column elementor-col-50 elementor-inner-column elementor-element elementor-element-69131704\" data-id=\"69131704\" data-element_type=\"column\" data-settings=\"{&quot;background_background&quot;:&quot;classic&quot;}\">\n\t\t\t<div class=\"elementor-widget-wrap elementor-element-populated\">\n\t\t\t\t\t\t<div class=\"elementor-element elementor-element-68b5cede elementor-widget elementor-widget-heading\" data-id=\"68b5cede\" data-element_type=\"widget\" data-widget_type=\"heading.default\">\n\t\t\t\t<div class=\"elementor-widget-container\">\n\t\t\t\t\t<h2 class=\"elementor-heading-title elementor-size-default\">Sustainable Travel<\/h2>\t\t\t\t<\/div>\n\t\t\t\t<\/div>\n\t\t\t\t<div class=\"elementor-element elementor-element-673c1118 elementor-widget elementor-widget-text-editor\" data-id=\"673c1118\" data-element_type=\"widget\" data-widget_type=\"text-editor.default\">\n\t\t\t\t<div class=\"elementor-widget-container\">\n\t\t\t\t\t\t\t\t\t<p>We have clean air, clear waters and room to breathe. When you're out and about in Enonteki\u00f6, do remember that while the environment may seem barren, it's actually full of life. You\u2019re in someone\u2019s home: the local people, animals and plants all co-exist here.<\/p>\t\t\t\t\t\t\t\t<\/div>\n\t\t\t\t<\/div>\n\t\t\t\t<div class=\"elementor-element elementor-element-5d8720bb elementor-widget elementor-widget-eael-creative-button\" data-id=\"5d8720bb\" data-element_type=\"widget\" data-widget_type=\"eael-creative-button.default\">\n\t\t\t\t<div class=\"elementor-widget-container\">\n\t\t\t\t\t        <div class=\"eael-creative-button-wrapper\">\n\n            <a class=\"eael-creative-button eael-creative-button--default\" href=\"https:\/\/enontekiolapland.com\/en\/sustainable-travel\/\" data-text=\"\">\n            \t    \n                <div class=\"creative-button-inner\">\n\n                    \n                    <span class=\"cretive-button-text\">Read more<\/span>\n\n                                    <\/div>\n\t                        <\/a>\n        <\/div>\n        \t\t\t\t<\/div>\n\t\t\t\t<\/div>\n\t\t\t\t\t<\/div>\n\t\t<\/div>\n\t\t\t\t\t<\/div>\n\t\t<\/section>\n\t\t\t\t<\/div>\n\t\t\t\t<\/div>\n\t\t\t\t\t\t<\/div>\n\t\t\t\t<\/div>\n\t\t\t\t<div class=\"elementor-element elementor-element-79d00d3 elementor-widget elementor-widget-global elementor-global-4209 elementor-widget-template\" data-id=\"79d00d3\" data-element_type=\"widget\" data-widget_type=\"template.default\">\n\t\t\t\t<div class=\"elementor-widget-container\">\n\t\t\t\t\t\t\t<div class=\"elementor-template\">\n\t\t\t\t\t<div data-elementor-type=\"section\" data-elementor-id=\"4076\" class=\"elementor elementor-4076\" data-elementor-post-type=\"elementor_library\">\n\t\t\t\t\t<section data-particle_enable=\"false\" data-particle-mobile-disabled=\"false\" class=\"elementor-section elementor-inner-section elementor-element elementor-element-1d2ad8a2 elementor-section-full_width elementor-reverse-tablet elementor-reverse-mobile elementor-section-height-default elementor-section-height-default elementor-invisible\" data-id=\"1d2ad8a2\" data-element_type=\"section\" data-settings=\"{&quot;animation&quot;:&quot;fadeInUp&quot;}\">\n\t\t\t\t\t\t<div class=\"elementor-container elementor-column-gap-default\">\n\t\t\t\t\t<div class=\"elementor-column elementor-col-50 elementor-inner-column elementor-element elementor-element-53281805\" data-id=\"53281805\" data-element_type=\"column\" data-settings=\"{&quot;background_background&quot;:&quot;classic&quot;}\">\n\t\t\t<div class=\"elementor-widget-wrap elementor-element-populated\">\n\t\t\t\t\t\t<div class=\"elementor-element elementor-element-34c9fd99 elementor-widget elementor-widget-heading\" data-id=\"34c9fd99\" data-element_type=\"widget\" data-widget_type=\"heading.default\">\n\t\t\t\t<div class=\"elementor-widget-container\">\n\t\t\t\t\t<h2 class=\"elementor-heading-title elementor-size-default\">Tourist Information<\/h2>\t\t\t\t<\/div>\n\t\t\t\t<\/div>\n\t\t\t\t<div class=\"elementor-element elementor-element-36c78cc3 elementor-widget elementor-widget-text-editor\" data-id=\"36c78cc3\" data-element_type=\"widget\" data-widget_type=\"text-editor.default\">\n\t\t\t\t<div class=\"elementor-widget-container\">\n\t\t\t\t\t\t\t\t\t<p>Is there snow on the Hetta-Pallas Trail? How high is the summit of Saana? Where can I rent fatbikes? Don\u2019t worry, Tourist Information has all the answers.<br><\/p>\t\t\t\t\t\t\t\t<\/div>\n\t\t\t\t<\/div>\n\t\t\t\t<div class=\"elementor-element elementor-element-2a463a6 elementor-widget elementor-widget-button\" data-id=\"2a463a6\" data-element_type=\"widget\" data-widget_type=\"button.default\">\n\t\t\t\t<div class=\"elementor-widget-container\">\n\t\t\t\t\t\t\t\t\t<div class=\"elementor-button-wrapper\">\n\t\t\t\t\t<a class=\"elementor-button elementor-button-link elementor-size-sm\" href=\"https:\/\/enontekiolapland.com\/en\/palvelut\/tourist-information\/\">\n\t\t\t\t\t\t<span class=\"elementor-button-content-wrapper\">\n\t\t\t\t\t\t\t\t\t<span class=\"elementor-button-text\">Read more<\/span>\n\t\t\t\t\t<\/span>\n\t\t\t\t\t<\/a>\n\t\t\t\t<\/div>\n\t\t\t\t\t\t\t\t<\/div>\n\t\t\t\t<\/div>\n\t\t\t\t\t<\/div>\n\t\t<\/div>\n\t\t\t\t<div class=\"elementor-column elementor-col-50 elementor-inner-column elementor-element elementor-element-461af7f1\" data-id=\"461af7f1\" data-element_type=\"column\" data-settings=\"{&quot;background_background&quot;:&quot;classic&quot;}\">\n\t\t\t<div class=\"elementor-widget-wrap elementor-element-populated\">\n\t\t\t\t\t\t<div class=\"elementor-element elementor-element-3a0c0ee3 elementor-widget elementor-widget-heading\" data-id=\"3a0c0ee3\" data-element_type=\"widget\" data-widget_type=\"heading.default\">\n\t\t\t\t<div class=\"elementor-widget-container\">\n\t\t\t\t\t<h2 class=\"elementor-heading-title elementor-size-default\">Tourist Information<\/h2>\t\t\t\t<\/div>\n\t\t\t\t<\/div>\n\t\t\t\t\t<\/div>\n\t\t<\/div>\n\t\t\t\t\t<\/div>\n\t\t<\/section>\n\t\t\t\t<\/div>\n\t\t\t\t<\/div>\n\t\t\t\t\t\t<\/div>\n\t\t\t\t<\/div>\n\t\t\t\t\t<\/div>\n\t\t<\/div>\n\t\t\t\t\t<\/div>\n\t\t<\/section>\n\t\t\t\t<\/div>","protected":false},"excerpt":{"rendered":"<p>Hevosel\u00e4mykset El\u00e4imen seura rauhoittaa ja kun siihen lis\u00e4t\u00e4\u00e4n luonto, tulos on aina parempi. Talvella voit l\u00e4hte\u00e4 j\u00e4nk\u00e4lle tunnelmalliselle rekiajelulle ja kuunnella lumen narskumista jalasten alla. Kes\u00e4ll\u00e4 suomenhevonen pit\u00e4\u00e4 seuraa rauhoittavalla heppapatikalla. Hevosel\u00e4myksi\u00e4 j\u00e4rjest\u00e4v\u00e4t yritykset Vilu Arctic Experience Opastetut luontoretket ja Glamping J\u00e4rjest\u00e4mme erilaisia luontoretki\u00e4 tuntureiden ja er\u00e4maiden ymp\u00e4r\u00f6im\u00e4n\u00e4. Glamping-majoituksessa voit kokea Lapin luonnon viett\u00e4m\u00e4ll\u00e4 y\u00f6n [&hellip;]<\/p>","protected":false},"author":3,"featured_media":0,"parent":0,"menu_order":0,"comment_status":"closed","ping_status":"closed","template":"elementor_header_footer","meta":{"_acf_changed":false,"footnotes":""},"class_list":["post-4003","page","type-page","status-publish","hentry"],"acf":[],"_links":{"self":[{"href":"https:\/\/enontekiolapland.com\/en\/wp-json\/wp\/v2\/pages\/4003","targetHints":{"allow":["GET"]}}],"collection":[{"href":"https:\/\/enontekiolapland.com\/en\/wp-json\/wp\/v2\/pages"}],"about":[{"href":"https:\/\/enontekiolapland.com\/en\/wp-json\/wp\/v2\/types\/page"}],"author":[{"embeddable":true,"href":"https:\/\/enontekiolapland.com\/en\/wp-json\/wp\/v2\/users\/3"}],"replies":[{"embeddable":true,"href":"https:\/\/enontekiolapland.com\/en\/wp-json\/wp\/v2\/comments?post=4003"}],"version-history":[{"count":13,"href":"https:\/\/enontekiolapland.com\/en\/wp-json\/wp\/v2\/pages\/4003\/revisions"}],"predecessor-version":[{"id":6954,"href":"https:\/\/enontekiolapland.com\/en\/wp-json\/wp\/v2\/pages\/4003\/revisions\/6954"}],"wp:attachment":[{"href":"https:\/\/enontekiolapland.com\/en\/wp-json\/wp\/v2\/media?parent=4003"}],"curies":[{"name":"wp","href":"https:\/\/api.w.org\/{rel}","templated":true}]}}