{"id":3962,"date":"2021-11-20T09:17:31","date_gmt":"2021-11-20T07:17:31","guid":{"rendered":"http:\/\/31.217.192.143\/~enontek1\/?page_id=3962"},"modified":"2021-11-20T09:21:39","modified_gmt":"2021-11-20T07:21:39","slug":"saavutettavuusseloste","status":"publish","type":"page","link":"https:\/\/enontekiolapland.com\/en\/saavutettavuusseloste\/","title":{"rendered":"Accessibility Statement"},"content":{"rendered":"<div data-elementor-type=\"wp-page\" data-elementor-id=\"3962\" class=\"elementor elementor-3962\" data-elementor-post-type=\"page\">\n\t\t\t\t\t\t<section data-particle_enable=\"false\" data-particle-mobile-disabled=\"false\" class=\"elementor-section elementor-top-section elementor-element elementor-element-82e4bf6 elementor-section-boxed elementor-section-height-default elementor-section-height-default\" data-id=\"82e4bf6\" data-element_type=\"section\" data-settings=\"{&quot;background_background&quot;:&quot;classic&quot;}\">\n\t\t\t\t\t\t<div class=\"elementor-container elementor-column-gap-default\">\n\t\t\t\t\t<div class=\"elementor-column elementor-col-100 elementor-top-column elementor-element elementor-element-4f97e48\" data-id=\"4f97e48\" data-element_type=\"column\">\n\t\t\t<div class=\"elementor-widget-wrap elementor-element-populated\">\n\t\t\t\t\t\t<div class=\"elementor-element elementor-element-28b7819 elementor-widget elementor-widget-heading\" data-id=\"28b7819\" data-element_type=\"widget\" data-widget_type=\"heading.default\">\n\t\t\t\t<div class=\"elementor-widget-container\">\n\t\t\t\t\t<h2 class=\"elementor-heading-title elementor-size-default\">Accessibility Statement<\/h2>\t\t\t\t<\/div>\n\t\t\t\t<\/div>\n\t\t\t\t<div class=\"elementor-element elementor-element-9988e8d elementor-widget elementor-widget-text-editor\" data-id=\"9988e8d\" data-element_type=\"widget\" data-widget_type=\"text-editor.default\">\n\t\t\t\t<div class=\"elementor-widget-container\">\n\t\t\t\t\t\t\t\t\t<p>We do our best to make our site accessible to all users.<\/p>\t\t\t\t\t\t\t\t<\/div>\n\t\t\t\t<\/div>\n\t\t\t\t\t<\/div>\n\t\t<\/div>\n\t\t\t\t\t<\/div>\n\t\t<\/section>\n\t\t\t\t<section data-particle_enable=\"false\" data-particle-mobile-disabled=\"false\" class=\"elementor-section elementor-top-section elementor-element elementor-element-0080797 elementor-section-height-min-height elementor-section-boxed elementor-section-height-default elementor-section-items-middle elementor-invisible\" data-id=\"0080797\" data-element_type=\"section\" data-settings=\"{&quot;background_background&quot;:&quot;classic&quot;,&quot;animation&quot;:&quot;fadeInUp&quot;}\">\n\t\t\t\t\t\t<div class=\"elementor-container elementor-column-gap-default\">\n\t\t\t\t\t<div class=\"elementor-column elementor-col-50 elementor-top-column elementor-element elementor-element-8d3a7ed\" data-id=\"8d3a7ed\" data-element_type=\"column\">\n\t\t\t<div class=\"elementor-widget-wrap elementor-element-populated\">\n\t\t\t\t\t\t<div class=\"elementor-element elementor-element-69cd9a1 elementor-widget elementor-widget-text-editor\" data-id=\"69cd9a1\" data-element_type=\"widget\" data-widget_type=\"text-editor.default\">\n\t\t\t\t<div class=\"elementor-widget-container\">\n\t\t\t\t\t\t\t\t\t<p>The EnontekioLapland.com website has been developed in accordance with the EU Accessibility Directive. This means that the site meets levels A and AA of the requirements set out in the Web Content Accessibility Guidelines (WCAG) 2.1.<\/p><p>At the time of publication, the EnontekioLapland.com website mostly meets the accessibility requirements of levels A and AA. The EnontekioLapland.com website and this accessibility statement has been published on 25.11.2021.<\/p><p>We are constantly working to improve accessibility. We are committed to making digital services more accessible. We are constantly assessing our operations and are happy to receive feedback on accessibility.<\/p><div><p><strong>Supervisory Authority<\/strong><\/p><p>If you notice accessibility issues on the site, send feedback to us (the site administrator). It may take up to 14 days to receive an answer.<\/p><p>If you are not satisfied with the answer you received, or if you do not receive a reply at all within two weeks, you can notify the Regional State Administrative Agency for Southern Finland. The website of the Regional State Administrative Agency for Southern Finland provides detailed information on making a notification and how it will be processed.<\/p><p><strong>Contact information for the supervisory authority<\/strong><br \/>Regional State Administrative Agency for Southern Finland<br \/>Accessibility monitoring unit<br \/><a href=\"https:\/\/www.saavutettavuusvaatimukset.fi\/\" target=\"_blank\" rel=\"noopener\">saavutettavuusvaatimukset.fi<\/a><br \/>saavutettavuus(at)avi.fi<br \/>telephone: +358 295 016 000<\/p><\/div>\t\t\t\t\t\t\t\t<\/div>\n\t\t\t\t<\/div>\n\t\t\t\t\t<\/div>\n\t\t<\/div>\n\t\t\t\t<div class=\"elementor-column elementor-col-50 elementor-top-column elementor-element elementor-element-1d11c12\" data-id=\"1d11c12\" data-element_type=\"column\">\n\t\t\t<div class=\"elementor-widget-wrap elementor-element-populated\">\n\t\t\t\t\t\t<div class=\"elementor-element elementor-element-af76161 elementor-widget elementor-widget-text-editor\" data-id=\"af76161\" data-element_type=\"widget\" data-widget_type=\"text-editor.default\">\n\t\t\t\t<div class=\"elementor-widget-container\">\n\t\t\t\t\t\t\t\t\t<h3>Feedback and Contact Information<\/h3><p>Did you notice a problem with accessibility on our website? Let us know and we will do our best to rectify it.<\/p><p>E-mail us at <a href=\"mailto:matkailu.info@enontekio.fi\">matkailu.info@enontekio.fi<\/a><\/p>\t\t\t\t\t\t\t\t<\/div>\n\t\t\t\t<\/div>\n\t\t\t\t\t<\/div>\n\t\t<\/div>\n\t\t\t\t\t<\/div>\n\t\t<\/section>\n\t\t\t\t<\/div>","protected":false},"excerpt":{"rendered":"<p>Saavutettavuusseloste Teemme parhaamme, jotta sivustomme olisi saavutettava kaikille k\u00e4ytt\u00e4jille. EnontekioLapland.com-sivusto on pyritty rakentamaan EU:n saavutettavuusdirektiivin mukaisesti. T\u00e4m\u00e4 tarkoittaa, ett\u00e4 sivuston on t\u00e4ytett\u00e4v\u00e4 Web Content Accessibility Guidelines (WCAG) 2.1 -kriteerist\u00f6ss\u00e4 esitettyjen vaatimusten tasot A ja AA. EnontekioLapland.com-verkkosivusto vastaa julkaisuhetkell\u00e4\u00e4n p\u00e4\u00e4osin saavutettavuusvaatimusten tasoa A ja AA. EnontekioLapland.com-verkkosivusto ja t\u00e4m\u00e4 saavutettavuusseloste on julkaistu 25.11.2021. Teemme jatkuvasti t\u00f6it\u00e4 saavutettavuuden [&hellip;]<\/p>","protected":false},"author":3,"featured_media":0,"parent":0,"menu_order":0,"comment_status":"closed","ping_status":"closed","template":"elementor_header_footer","meta":{"_acf_changed":false,"footnotes":""},"class_list":["post-3962","page","type-page","status-publish","hentry"],"acf":[],"_links":{"self":[{"href":"https:\/\/enontekiolapland.com\/en\/wp-json\/wp\/v2\/pages\/3962","targetHints":{"allow":["GET"]}}],"collection":[{"href":"https:\/\/enontekiolapland.com\/en\/wp-json\/wp\/v2\/pages"}],"about":[{"href":"https:\/\/enontekiolapland.com\/en\/wp-json\/wp\/v2\/types\/page"}],"author":[{"embeddable":true,"href":"https:\/\/enontekiolapland.com\/en\/wp-json\/wp\/v2\/users\/3"}],"replies":[{"embeddable":true,"href":"https:\/\/enontekiolapland.com\/en\/wp-json\/wp\/v2\/comments?post=3962"}],"version-history":[{"count":4,"href":"https:\/\/enontekiolapland.com\/en\/wp-json\/wp\/v2\/pages\/3962\/revisions"}],"predecessor-version":[{"id":3966,"href":"https:\/\/enontekiolapland.com\/en\/wp-json\/wp\/v2\/pages\/3962\/revisions\/3966"}],"wp:attachment":[{"href":"https:\/\/enontekiolapland.com\/en\/wp-json\/wp\/v2\/media?parent=3962"}],"curies":[{"name":"wp","href":"https:\/\/api.w.org\/{rel}","templated":true}]}}