{"id":2899,"date":"2021-11-08T20:11:20","date_gmt":"2021-11-08T18:11:20","guid":{"rendered":"http:\/\/31.217.192.143\/~enontek1\/?page_id=2899"},"modified":"2021-11-28T15:27:07","modified_gmt":"2021-11-28T13:27:07","slug":"tarinat","status":"publish","type":"page","link":"https:\/\/enontekiolapland.com\/en\/tarinat\/","title":{"rendered":"Stories"},"content":{"rendered":"<div data-elementor-type=\"wp-page\" data-elementor-id=\"2899\" class=\"elementor elementor-2899\" data-elementor-post-type=\"page\">\n\t\t\t\t\t\t<section data-particle_enable=\"false\" data-particle-mobile-disabled=\"false\" class=\"elementor-section elementor-top-section elementor-element elementor-element-6e84e86 elementor-section-boxed elementor-section-height-default elementor-section-height-default\" data-id=\"6e84e86\" data-element_type=\"section\" data-settings=\"{&quot;background_background&quot;:&quot;classic&quot;}\">\n\t\t\t\t\t\t<div class=\"elementor-container elementor-column-gap-default\">\n\t\t\t\t\t<div class=\"elementor-column elementor-col-100 elementor-top-column elementor-element elementor-element-6e412d1f\" data-id=\"6e412d1f\" data-element_type=\"column\">\n\t\t\t<div class=\"elementor-widget-wrap elementor-element-populated\">\n\t\t\t\t\t\t<div class=\"elementor-element elementor-element-679aa196 elementor-widget elementor-widget-heading\" data-id=\"679aa196\" data-element_type=\"widget\" data-widget_type=\"heading.default\">\n\t\t\t\t<div class=\"elementor-widget-container\">\n\t\t\t\t\t<h1 class=\"elementor-heading-title elementor-size-default\">Tarinoita K\u00e4sivarren Lapista<\/h1>\t\t\t\t<\/div>\n\t\t\t\t<\/div>\n\t\t\t\t<div class=\"elementor-element elementor-element-b31822d elementor-widget elementor-widget-text-editor\" data-id=\"b31822d\" data-element_type=\"widget\" data-widget_type=\"text-editor.default\">\n\t\t\t\t<div class=\"elementor-widget-container\">\n\t\t\t\t\t\t\t\t\t<p>Oletko miettinyt, millaista el\u00e4m\u00e4 on suurten jokien alkul\u00e4hteill\u00e4 ja suurtunturien keskell\u00e4, valon vaihdellessa eri vuodenaikoina ja&nbsp;<span style=\"color: var( --e-global-color-3aca2c6 );\">luonnonvoimien jyll\u00e4tess\u00e4<\/span><span style=\"color: var( --e-global-color-3aca2c6 );\">? <\/span><span style=\"color: var( --e-global-color-3aca2c6 );\">Read stories told by the people of Enonteki\u00f6 and the visitors here and take a peek inside the life of Arctic Lapland.<\/span><\/p>\t\t\t\t\t\t\t\t<\/div>\n\t\t\t\t<\/div>\n\t\t\t\t<div class=\"elementor-element elementor-element-33b6c6cc elementor-grid-2 elementor-grid-tablet-2 elementor-grid-mobile-1 elementor-posts--thumbnail-top load-more-align-center elementor-widget elementor-widget-posts\" data-id=\"33b6c6cc\" data-element_type=\"widget\" data-settings=\"{&quot;classic_columns&quot;:&quot;2&quot;,&quot;classic_row_gap&quot;:{&quot;unit&quot;:&quot;px&quot;,&quot;size&quot;:10,&quot;sizes&quot;:[]},&quot;pagination_type&quot;:&quot;load_more_on_click&quot;,&quot;classic_columns_tablet&quot;:&quot;2&quot;,&quot;classic_columns_mobile&quot;:&quot;1&quot;,&quot;classic_row_gap_tablet&quot;:{&quot;unit&quot;:&quot;px&quot;,&quot;size&quot;:&quot;&quot;,&quot;sizes&quot;:[]},&quot;classic_row_gap_mobile&quot;:{&quot;unit&quot;:&quot;px&quot;,&quot;size&quot;:&quot;&quot;,&quot;sizes&quot;:[]},&quot;load_more_spinner&quot;:{&quot;value&quot;:&quot;fas fa-spinner&quot;,&quot;library&quot;:&quot;fa-solid&quot;}}\" data-widget_type=\"posts.classic\">\n\t\t\t\t<div class=\"elementor-widget-container\">\n\t\t\t\t\t\t\t<div class=\"elementor-posts-container elementor-posts elementor-posts--skin-classic elementor-grid\" role=\"list\">\n\t\t\t\t<article class=\"elementor-post elementor-grid-item post-7734 post type-post status-publish format-standard has-post-thumbnail hentry category-hotelli\" role=\"listitem\">\n\t\t\t\t<a class=\"elementor-post__thumbnail__link\" href=\"https:\/\/enontekiolapland.com\/en\/keskiyon-aurinko-eli-yoton-yo\/\" tabindex=\"-1\" >\n\t\t\t<div class=\"elementor-post__thumbnail\"><img fetchpriority=\"high\" decoding=\"async\" width=\"768\" height=\"576\" src=\"https:\/\/enontekiolapland.com\/wp-content\/uploads\/2023\/05\/Sakari_Ekko_Kerakurmitsa-Ounastunturin-Rouvivaaralla-768x576.jpg\" class=\"attachment-medium_large size-medium_large wp-image-7735\" alt=\"\" srcset=\"https:\/\/enontekiolapland.com\/wp-content\/uploads\/2023\/05\/Sakari_Ekko_Kerakurmitsa-Ounastunturin-Rouvivaaralla-768x576.jpg 768w, https:\/\/enontekiolapland.com\/wp-content\/uploads\/2023\/05\/Sakari_Ekko_Kerakurmitsa-Ounastunturin-Rouvivaaralla-300x225.jpg 300w, https:\/\/enontekiolapland.com\/wp-content\/uploads\/2023\/05\/Sakari_Ekko_Kerakurmitsa-Ounastunturin-Rouvivaaralla-1024x768.jpg 1024w, https:\/\/enontekiolapland.com\/wp-content\/uploads\/2023\/05\/Sakari_Ekko_Kerakurmitsa-Ounastunturin-Rouvivaaralla-16x12.jpg 16w, https:\/\/enontekiolapland.com\/wp-content\/uploads\/2023\/05\/Sakari_Ekko_Kerakurmitsa-Ounastunturin-Rouvivaaralla.jpg 1200w\" sizes=\"(max-width: 768px) 100vw, 768px\" \/><\/div>\n\t\t<\/a>\n\t\t\t\t<div class=\"elementor-post__text\">\n\t\t\t\t<h3 class=\"elementor-post__title\">\n\t\t\t<a href=\"https:\/\/enontekiolapland.com\/en\/keskiyon-aurinko-eli-yoton-yo\/\" >\n\t\t\t\tKeskiy\u00f6n aurinko eli y\u00f6t\u00f6n y\u00f6\t\t\t<\/a>\n\t\t<\/h3>\n\t\t\t\t<div class=\"elementor-post__excerpt\">\n\t\t\t<p>Y\u00f6tt\u00f6m\u00e4n y\u00f6n ihmeit\u00e4 kes\u00e4n saapuessa Enonteki\u00f6lle.<\/p>\n\t\t<\/div>\n\t\t\n\t\t<a class=\"elementor-post__read-more\" href=\"https:\/\/enontekiolapland.com\/en\/keskiyon-aurinko-eli-yoton-yo\/\" aria-label=\"Read more about Keskiy\u00f6n aurinko eli y\u00f6t\u00f6n y\u00f6\" tabindex=\"-1\" >\n\t\t\tRead more\t\t<\/a>\n\n\t\t\t\t<\/div>\n\t\t\t\t<\/article>\n\t\t\t\t<article class=\"elementor-post elementor-grid-item post-7329 post type-post status-publish format-standard has-post-thumbnail hentry category-hotelli\" role=\"listitem\">\n\t\t\t\t<a class=\"elementor-post__thumbnail__link\" href=\"https:\/\/enontekiolapland.com\/en\/eramaaseikkailuja-ja-leppoisia-paivaretkia-koiraharrastajan-reissupaivakirja-hetasta\/\" tabindex=\"-1\" >\n\t\t\t<div class=\"elementor-post__thumbnail\"><img decoding=\"async\" width=\"768\" height=\"517\" src=\"https:\/\/enontekiolapland.com\/wp-content\/uploads\/2022\/07\/2B16F593-EC16-4249-A091-1C01C267580C-768x517.jpeg\" class=\"attachment-medium_large size-medium_large wp-image-7330\" alt=\"\" srcset=\"https:\/\/enontekiolapland.com\/wp-content\/uploads\/2022\/07\/2B16F593-EC16-4249-A091-1C01C267580C-768x517.jpeg 768w, https:\/\/enontekiolapland.com\/wp-content\/uploads\/2022\/07\/2B16F593-EC16-4249-A091-1C01C267580C-300x202.jpeg 300w, https:\/\/enontekiolapland.com\/wp-content\/uploads\/2022\/07\/2B16F593-EC16-4249-A091-1C01C267580C-1024x689.jpeg 1024w, https:\/\/enontekiolapland.com\/wp-content\/uploads\/2022\/07\/2B16F593-EC16-4249-A091-1C01C267580C-1536x1034.jpeg 1536w, https:\/\/enontekiolapland.com\/wp-content\/uploads\/2022\/07\/2B16F593-EC16-4249-A091-1C01C267580C-2048x1379.jpeg 2048w, https:\/\/enontekiolapland.com\/wp-content\/uploads\/2022\/07\/2B16F593-EC16-4249-A091-1C01C267580C-18x12.jpeg 18w\" sizes=\"(max-width: 768px) 100vw, 768px\" \/><\/div>\n\t\t<\/a>\n\t\t\t\t<div class=\"elementor-post__text\">\n\t\t\t\t<h3 class=\"elementor-post__title\">\n\t\t\t<a href=\"https:\/\/enontekiolapland.com\/en\/eramaaseikkailuja-ja-leppoisia-paivaretkia-koiraharrastajan-reissupaivakirja-hetasta\/\" >\n\t\t\t\tEr\u00e4maaseikkailuja ja leppoisia p\u00e4iv\u00e4retki\u00e4 \u2013 koiraharrastajan reissup\u00e4iv\u00e4kirja Hetasta\t\t\t<\/a>\n\t\t<\/h3>\n\t\t\t\t<div class=\"elementor-post__excerpt\">\n\t\t\t<p>Koiraharrastaja Jasmine Dietz ja h\u00e4nen nelijalkaiset matkakumppaninsa vierailivat Enonteki\u00f6n Hetassa kes\u00e4kuussa. Lue Jasminen vinkit Hetan l\u00e4hialueiden p\u00e4iv\u00e4retkikohteista!<\/p>\n\t\t<\/div>\n\t\t\n\t\t<a class=\"elementor-post__read-more\" href=\"https:\/\/enontekiolapland.com\/en\/eramaaseikkailuja-ja-leppoisia-paivaretkia-koiraharrastajan-reissupaivakirja-hetasta\/\" aria-label=\"Read more about Er\u00e4maaseikkailuja ja leppoisia p\u00e4iv\u00e4retki\u00e4 \u2013 koiraharrastajan reissup\u00e4iv\u00e4kirja Hetasta\" tabindex=\"-1\" >\n\t\t\tRead more\t\t<\/a>\n\n\t\t\t\t<\/div>\n\t\t\t\t<\/article>\n\t\t\t\t<article class=\"elementor-post elementor-grid-item post-7209 post type-post status-publish format-standard has-post-thumbnail hentry category-kilpisjarvi category-hetta-pallas tag-lappi tag-polkujuoksu tag-retkikohteet tag-retkivinkit\" role=\"listitem\">\n\t\t\t\t<a class=\"elementor-post__thumbnail__link\" href=\"https:\/\/enontekiolapland.com\/en\/polkujuoksu-enontekio\/\" tabindex=\"-1\" >\n\t\t\t<div class=\"elementor-post__thumbnail\"><img decoding=\"async\" width=\"768\" height=\"466\" src=\"https:\/\/enontekiolapland.com\/wp-content\/uploads\/2021\/11\/Retkeilyreitit-HietajarviEtela-Enontekio-768x466.jpg\" class=\"attachment-medium_large size-medium_large wp-image-4637\" alt=\"\" srcset=\"https:\/\/enontekiolapland.com\/wp-content\/uploads\/2021\/11\/Retkeilyreitit-HietajarviEtela-Enontekio-768x466.jpg 768w, https:\/\/enontekiolapland.com\/wp-content\/uploads\/2021\/11\/Retkeilyreitit-HietajarviEtela-Enontekio-300x182.jpg 300w, https:\/\/enontekiolapland.com\/wp-content\/uploads\/2021\/11\/Retkeilyreitit-HietajarviEtela-Enontekio-1024x621.jpg 1024w, https:\/\/enontekiolapland.com\/wp-content\/uploads\/2021\/11\/Retkeilyreitit-HietajarviEtela-Enontekio-18x12.jpg 18w, https:\/\/enontekiolapland.com\/wp-content\/uploads\/2021\/11\/Retkeilyreitit-HietajarviEtela-Enontekio.jpg 1400w\" sizes=\"(max-width: 768px) 100vw, 768px\" \/><\/div>\n\t\t<\/a>\n\t\t\t\t<div class=\"elementor-post__text\">\n\t\t\t\t<h3 class=\"elementor-post__title\">\n\t\t\t<a href=\"https:\/\/enontekiolapland.com\/en\/polkujuoksu-enontekio\/\" >\n\t\t\t\tKoe arktinen kes\u00e4 juosten \u2013 K\u00e4sivarren Lapin parhaat polkujuoksureitit\t\t\t<\/a>\n\t\t<\/h3>\n\t\t\t\t<div class=\"elementor-post__excerpt\">\n\t\t\t<p>K\u00e4sivarren Lapissa polkujuoksijan treenimaastot eiv\u00e4t lopu kesken. Kokosimme matkailutiimin suosikkireitit eri puolilta Enonteki\u00f6t\u00e4.<\/p>\n\t\t<\/div>\n\t\t\n\t\t<a class=\"elementor-post__read-more\" href=\"https:\/\/enontekiolapland.com\/en\/polkujuoksu-enontekio\/\" aria-label=\"Read more about Koe arktinen kes\u00e4 juosten \u2013 K\u00e4sivarren Lapin parhaat polkujuoksureitit\" tabindex=\"-1\" >\n\t\t\tRead more\t\t<\/a>\n\n\t\t\t\t<\/div>\n\t\t\t\t<\/article>\n\t\t\t\t<article class=\"elementor-post elementor-grid-item post-5921 post type-post status-publish format-standard has-post-thumbnail hentry category-hotelli\" role=\"listitem\">\n\t\t\t\t<a class=\"elementor-post__thumbnail__link\" href=\"https:\/\/enontekiolapland.com\/en\/kirjavinkkeja-enontekiolle-matkustavalle\/\" tabindex=\"-1\" >\n\t\t\t<div class=\"elementor-post__thumbnail\"><img loading=\"lazy\" decoding=\"async\" width=\"768\" height=\"512\" src=\"https:\/\/enontekiolapland.com\/wp-content\/uploads\/2021\/11\/Kilpisjarvi-Revontulet-Enontekio-768x512.jpg\" class=\"attachment-medium_large size-medium_large wp-image-2590\" alt=\"Vanha vene Tsahkalj\u00e4rven rannassa\" srcset=\"https:\/\/enontekiolapland.com\/wp-content\/uploads\/2021\/11\/Kilpisjarvi-Revontulet-Enontekio-768x512.jpg 768w, https:\/\/enontekiolapland.com\/wp-content\/uploads\/2021\/11\/Kilpisjarvi-Revontulet-Enontekio-300x200.jpg 300w, https:\/\/enontekiolapland.com\/wp-content\/uploads\/2021\/11\/Kilpisjarvi-Revontulet-Enontekio-1024x683.jpg 1024w, https:\/\/enontekiolapland.com\/wp-content\/uploads\/2021\/11\/Kilpisjarvi-Revontulet-Enontekio.jpg 1049w\" sizes=\"(max-width: 768px) 100vw, 768px\" \/><\/div>\n\t\t<\/a>\n\t\t\t\t<div class=\"elementor-post__text\">\n\t\t\t\t<h3 class=\"elementor-post__title\">\n\t\t\t<a href=\"https:\/\/enontekiolapland.com\/en\/kirjavinkkeja-enontekiolle-matkustavalle\/\" >\n\t\t\t\tKirjavinkkej\u00e4 Enonteki\u00f6lle matkustavalle\t\t\t<\/a>\n\t\t<\/h3>\n\t\t\t\t<div class=\"elementor-post__excerpt\">\n\t\t\t<p>Niin ennen matkaa, matkan aikana ja matkan j\u00e4lkeenkin on hienoa uppoutua kirjaan, joka liittyy  matkakohteeseen. Voi haaveilla, etsi\u00e4 tietoa ja palauttaa mieleen jo koettuja seikkailuja. T\u00e4ss\u00e4 lukulistaa Enonteki\u00f6n vierailijalle!<\/p>\n\t\t<\/div>\n\t\t\n\t\t<a class=\"elementor-post__read-more\" href=\"https:\/\/enontekiolapland.com\/en\/kirjavinkkeja-enontekiolle-matkustavalle\/\" aria-label=\"Read more about Kirjavinkkej\u00e4 Enonteki\u00f6lle matkustavalle\" tabindex=\"-1\" >\n\t\t\tRead more\t\t<\/a>\n\n\t\t\t\t<\/div>\n\t\t\t\t<\/article>\n\t\t\t\t<\/div>\n\t\t\t\t\t<span class=\"e-load-more-spinner\">\n\t\t\t\t<i aria-hidden=\"true\" class=\"fas fa-spinner\"><\/i>\t\t\t<\/span>\n\t\t\n\t\t\t\t\t\t<\/div>\n\t\t\t\t<\/div>\n\t\t\t\t\t<\/div>\n\t\t<\/div>\n\t\t\t\t\t<\/div>\n\t\t<\/section>\n\t\t\t\t<\/div>","protected":false},"excerpt":{"rendered":"<p>Tarinoita K\u00e4sivarren Lapista Oletko miettinyt, millaista el\u00e4m\u00e4 on suurten jokien alkul\u00e4hteill\u00e4 ja suurtunturien keskell\u00e4, valon vaihdellessa eri vuodenaikoina ja&nbsp;luonnonvoimien jyll\u00e4tess\u00e4? Tutustu tarinoihin, joita kertovat enonteki\u00f6l\u00e4iset ja Enonteki\u00f6n k\u00e4vij\u00e4t ja kurkkaa sis\u00e4lle K\u00e4sivarren Lapin el\u00e4m\u00e4\u00e4n.<\/p>","protected":false},"author":1,"featured_media":0,"parent":0,"menu_order":0,"comment_status":"closed","ping_status":"closed","template":"elementor_header_footer","meta":{"_acf_changed":false,"footnotes":""},"class_list":["post-2899","page","type-page","status-publish","hentry"],"acf":[],"_links":{"self":[{"href":"https:\/\/enontekiolapland.com\/en\/wp-json\/wp\/v2\/pages\/2899","targetHints":{"allow":["GET"]}}],"collection":[{"href":"https:\/\/enontekiolapland.com\/en\/wp-json\/wp\/v2\/pages"}],"about":[{"href":"https:\/\/enontekiolapland.com\/en\/wp-json\/wp\/v2\/types\/page"}],"author":[{"embeddable":true,"href":"https:\/\/enontekiolapland.com\/en\/wp-json\/wp\/v2\/users\/1"}],"replies":[{"embeddable":true,"href":"https:\/\/enontekiolapland.com\/en\/wp-json\/wp\/v2\/comments?post=2899"}],"version-history":[{"count":32,"href":"https:\/\/enontekiolapland.com\/en\/wp-json\/wp\/v2\/pages\/2899\/revisions"}],"predecessor-version":[{"id":6462,"href":"https:\/\/enontekiolapland.com\/en\/wp-json\/wp\/v2\/pages\/2899\/revisions\/6462"}],"wp:attachment":[{"href":"https:\/\/enontekiolapland.com\/en\/wp-json\/wp\/v2\/media?parent=2899"}],"curies":[{"name":"wp","href":"https:\/\/api.w.org\/{rel}","templated":true}]}}